{"id":3170,"date":"2016-12-20T10:00:44","date_gmt":"2016-12-20T09:00:44","guid":{"rendered":"http:\/\/lux.www.qrpinternational.com\/?page_id=3170\/"},"modified":"2026-02-09T10:20:30","modified_gmt":"2026-02-09T09:20:30","slug":"equipe","status":"publish","type":"page","link":"https:\/\/www.qrpinternational.lu\/fr\/equipe\/","title":{"rendered":"Notre \u00c9quipe"},"content":{"rendered":"<p><div class=\"fusion-fullwidth fullwidth-box fusion-builder-row-1 has-pattern-background has-mask-background nonhundred-percent-fullwidth non-hundred-percent-height-scrolling\" style=\"background-color: rgba(255,255,255,0);background-position: center bottom;background-repeat: no-repeat;padding-top:0px;padding-right:0px;padding-bottom:0px;padding-left:0px;margin-bottom: 0px;margin-top: 0px;border-width: 0px 0px 0px 0px;border-color:#eae9e9;border-style:solid;\" ><div class=\"fusion-builder-row fusion-row\"><div class=\"fusion-layout-column fusion_builder_column fusion-builder-column-0 fusion_builder_column_1_1 1_1 fusion-one-full fusion-column-first fusion-column-last header-page-text\" style=\"margin-top:0px;margin-bottom:20px;\"><div class=\"fusion-column-wrapper fusion-flex-column-wrapper-legacy\" style=\"background-position:center top;background-repeat:no-repeat;-webkit-background-size:cover;-moz-background-size:cover;-o-background-size:cover;background-size:cover;padding: 0px 0px 0px 0px;\"><div class=\"fusion-sep-clear\"><\/div><div class=\"fusion-separator fusion-full-width-sep\" style=\"margin-left: auto;margin-right: auto;width:100%;\"><div class=\"fusion-separator-border sep-double\" style=\"border-color:#e0dede;border-top-width:0px;border-bottom-width:0px;\"><\/div><\/div><div class=\"fusion-sep-clear\"><\/div><div class=\"fusion-text fusion-text-1 bigger-title\"><h1 style=\"text-align: center;\">Notre \u00c9quipe<\/h1>\n<\/div><div class=\"fusion-text fusion-text-2\"><p>Le succ\u00e8s de QRP International est d\u00fb en grande partie au d\u00e9vouement, aux connaissances et \u00e0 l&rsquo;expertise des personnes qui y travaillent. Dans toute industrie o\u00f9 les gens au sein de l&rsquo;entreprise sont aussi importants que l&rsquo;entreprise elle-m\u00eame, QRP a la chance d&rsquo;avoir une \u00e9quipe compos\u00e9e de personnes \u00e9nergiques et ax\u00e9es sur le client.<\/p>\n<\/div><div class=\"fusion-clearfix\"><\/div><\/div><\/div><\/div><\/div><div class=\"fusion-fullwidth fullwidth-box fusion-builder-row-2 contenitore-mini nonhundred-percent-fullwidth non-hundred-percent-height-scrolling\" style=\"background-color: rgba(255,255,255,0);background-position: left top;background-repeat: no-repeat;padding-top:20px;padding-right:0px;padding-bottom:20px;padding-left:0px;margin-bottom: 0px;margin-top: 0px;border-width: 0px 0px 0px 0px;border-color:#eae9e9;border-style:solid;\" ><div class=\"fusion-builder-row fusion-row\"><div class=\"fusion-layout-column fusion_builder_column fusion-builder-column-1 fusion_builder_column_1_3 1_3 fusion-one-third fusion-column-first cont-testo-trainer\" style=\"width:30.6666%; margin-right: 4%;margin-top:0px;margin-bottom:20px;\"><div class=\"fusion-column-wrapper fusion-flex-column-wrapper-legacy\" style=\"background-position:left top;background-repeat:no-repeat;-webkit-background-size:cover;-moz-background-size:cover;-o-background-size:cover;background-size:cover;padding: 0px 0px 0px 0px;\"><span class=\" fusion-imageframe imageframe-none imageframe-1 hover-type-none\"><img decoding=\"async\" src=\"https:\/\/www.qrpinternational.com\/wp-content\/uploads\/2025\/05\/Jacobus-Groot.png\" alt class=\"img-responsive\"\/><\/span><div class=\"fusion-text fusion-text-3\"><h3>Jacobus Groot<\/h3>\n<h4>Founder &amp; Owner<\/h4>\n<p><strong>Comes from:<\/strong> Eelde, The Netherlands<br \/>\n<strong>Get to know Coos:<\/strong> Back when I was a trainer, I led sessions in the USA, Greece, Sweden, and India\u2014once even from a swimming pool in Rhodes!<\/p>\n<ul>\n<li><a class=\"profilo-social fa fa-linkedin\" href=\"https:\/\/it.linkedin.com\/in\/jacobus-groot-a83410\" target=\"_blank\" rel=\"noopener noreferrer\">.<\/a><\/li>\n<\/ul>\n<\/div><div class=\"fusion-clearfix\"><\/div><\/div><\/div><div class=\"fusion-layout-column fusion_builder_column fusion-builder-column-2 fusion_builder_column_1_3 1_3 fusion-one-third cont-testo-trainer\" style=\"width:30.6666%; margin-right: 4%;margin-top:0px;margin-bottom:20px;\"><div class=\"fusion-column-wrapper fusion-flex-column-wrapper-legacy\" style=\"background-position:left top;background-repeat:no-repeat;-webkit-background-size:cover;-moz-background-size:cover;-o-background-size:cover;background-size:cover;padding: 0px 0px 0px 0px;\"><span class=\" fusion-imageframe imageframe-none imageframe-2 hover-type-none\"><img decoding=\"async\" src=\"https:\/\/www.qrpinternational.com\/wp-content\/uploads\/2025\/05\/Remi-Peduzzi.png\" alt class=\"img-responsive\"\/><\/span><div class=\"fusion-text fusion-text-4\"><h3>R\u00e9mi Peduzzi<\/h3>\n<h4>Business Development Manager Luxembourg<\/h4>\n<p><strong>Comes from:\u00a0<\/strong>Paris, France<br \/>\n<strong>Get to know R\u00e9mi: <\/strong>I write my daily to-do list on paper\u2014and nothing beats the satisfying moment of energetically crossing off each completed task.<\/p>\n<ul>\n<li><a class=\"profilo-social fa fa-linkedin\" href=\"https:\/\/www.linkedin.com\/in\/r%C3%A9mi-peduzzi-22805399\/\" target=\"_blank\" rel=\"noopener noreferrer\">.<\/a><\/li>\n<\/ul>\n<\/div><div class=\"fusion-clearfix\"><\/div><\/div><\/div><div class=\"fusion-layout-column fusion_builder_column fusion-builder-column-3 fusion_builder_column_1_3 1_3 fusion-one-third fusion-column-last cont-testo-trainer\" style=\"width:30.6666%;margin-top:0px;margin-bottom:20px;\"><div class=\"fusion-column-wrapper fusion-flex-column-wrapper-legacy\" style=\"background-position:left top;background-repeat:no-repeat;-webkit-background-size:cover;-moz-background-size:cover;-o-background-size:cover;background-size:cover;padding: 0px 0px 0px 0px;\"><span class=\" fusion-imageframe imageframe-none imageframe-3 hover-type-none\"><img decoding=\"async\" src=\"https:\/\/www.qrpinternational.com\/wp-content\/uploads\/2025\/05\/Laurent-Louboutin.png\" alt class=\"img-responsive\"\/><\/span><div class=\"fusion-text fusion-text-5\"><h3>Laurent Louboutin<\/h3>\n<h4>Product Design &amp; Development Specialist<\/h4>\n<p><strong>Comes from:\u00a0<\/strong>Woking, The United Kingdom<br \/>\n<strong>Get to know Laurent:\u00a0<\/strong>I got married 5 times and divorced once &#8230; and all with the same woman!!!<\/p>\n<ul>\n<li><a class=\"profilo-social fa fa-linkedin\" href=\"https:\/\/www.linkedin.com\/in\/laurent-louboutin-2323601a\/\" target=\"_blank\" rel=\"noopener noreferrer\">.<\/a><\/li>\n<\/ul>\n<\/div><div class=\"fusion-clearfix\"><\/div><\/div><\/div><div class=\"fusion-layout-column fusion_builder_column fusion-builder-column-4 fusion_builder_column_1_3 1_3 fusion-one-third fusion-column-first cont-testo-trainer\" style=\"width:30.6666%; margin-right: 4%;margin-top:0px;margin-bottom:20px;\"><div class=\"fusion-column-wrapper fusion-flex-column-wrapper-legacy\" style=\"background-position:left top;background-repeat:no-repeat;-webkit-background-size:cover;-moz-background-size:cover;-o-background-size:cover;background-size:cover;padding: 0px 0px 0px 0px;\"><span class=\" fusion-imageframe imageframe-none imageframe-4 hover-type-none\"><img decoding=\"async\" src=\"https:\/\/www.qrpinternational.com\/wp-content\/uploads\/2025\/05\/Alessandra-Morciano.png\" alt class=\"img-responsive\"\/><\/span><div class=\"fusion-text fusion-text-6\"><h3>Alessandra Morciano<\/h3>\n<h4>Marketing Manager<\/h4>\n<p><strong>Comes from:\u00a0<\/strong>Tricase, Italy<br \/>\n<strong>Get to know Alessandra:\u00a0<\/strong>I&rsquo;m the official apple eater at the office, but I can&rsquo;t confirm that &lsquo;an apple a day keeps the doctor away.&rsquo; More research (and apples) may be needed!<\/p>\n<ul>\n<li><a class=\"profilo-social fa fa-linkedin\" href=\"https:\/\/it.linkedin.com\/in\/alessandramorciano\/en\" target=\"_blank\" rel=\"noopener noreferrer\">.<\/a><\/li>\n<\/ul>\n<\/div><div class=\"fusion-clearfix\"><\/div><\/div><\/div><div class=\"fusion-layout-column fusion_builder_column fusion-builder-column-5 fusion_builder_column_1_3 1_3 fusion-one-third cont-testo-trainer\" style=\"width:30.6666%; margin-right: 4%;margin-top:0px;margin-bottom:20px;\"><div class=\"fusion-column-wrapper fusion-flex-column-wrapper-legacy\" style=\"background-position:left top;background-repeat:no-repeat;-webkit-background-size:cover;-moz-background-size:cover;-o-background-size:cover;background-size:cover;padding: 0px 0px 0px 0px;\"><span class=\" fusion-imageframe imageframe-none imageframe-5 hover-type-none\"><img decoding=\"async\" src=\"https:\/\/www.qrpinternational.com\/wp-content\/uploads\/2025\/05\/Chiara-Orsenigo.png\" alt class=\"img-responsive\"\/><\/span><div class=\"fusion-text fusion-text-7\"><h3>Chiara Orsenigo<\/h3>\n<h4>Service Manager<\/h4>\n<p><strong>Comes from:\u00a0<\/strong>Figino Serenza, Italy<br \/>\n<strong>Get to know Chiara:\u00a0<\/strong>I enjoy shelling pomegranates and removing the white parts from tangerines&#8230;.I am great at it!<\/p>\n<ul>\n<li><a class=\"profilo-social fa fa-linkedin\" href=\"https:\/\/www.linkedin.com\/in\/chiara-orsenigo-39757988\/\" target=\"_blank\" rel=\"noopener noreferrer\">.<\/a><\/li>\n<\/ul>\n<\/div><div class=\"fusion-clearfix\"><\/div><\/div><\/div><div class=\"fusion-layout-column fusion_builder_column fusion-builder-column-6 fusion_builder_column_1_3 1_3 fusion-one-third fusion-column-last cont-testo-trainer\" style=\"width:30.6666%;margin-top:0px;margin-bottom:20px;\"><div class=\"fusion-column-wrapper fusion-flex-column-wrapper-legacy\" style=\"background-position:left top;background-repeat:no-repeat;-webkit-background-size:cover;-moz-background-size:cover;-o-background-size:cover;background-size:cover;padding: 0px 0px 0px 0px;\"><span class=\" fusion-imageframe imageframe-none imageframe-6 hover-type-none\"><img decoding=\"async\" src=\"https:\/\/www.qrpinternational.com\/wp-content\/uploads\/2025\/05\/Renato-Passalacqua.png\" alt class=\"img-responsive\"\/><\/span><div class=\"fusion-text fusion-text-8\"><h3>Renato Passalacqua<\/h3>\n<h4>Finance Manager<\/h4>\n<p><strong>Comes from:\u00a0<\/strong>Colleferro, Italy<br \/>\n<strong>Get to know Renato:\u00a0<\/strong>Even though I work with numbers, I turn them into stories\u2014 often in rapid-fire Italian that doubles as a surprise C2 listening test!<\/p>\n<ul>\n<li><a class=\"profilo-social fa fa-linkedin\" href=\"https:\/\/www.linkedin.com\/in\/renato-passalacqua-6063058b\/\" target=\"_blank\" rel=\"noopener noreferrer\">.<\/a><\/li>\n<\/ul>\n<\/div><div class=\"fusion-clearfix\"><\/div><\/div><\/div><div class=\"fusion-layout-column fusion_builder_column fusion-builder-column-7 fusion_builder_column_1_3 1_3 fusion-one-third fusion-column-first cont-testo-trainer\" style=\"width:30.6666%; margin-right: 4%;margin-top:0px;margin-bottom:20px;\"><div class=\"fusion-column-wrapper fusion-flex-column-wrapper-legacy\" style=\"background-position:left top;background-repeat:no-repeat;-webkit-background-size:cover;-moz-background-size:cover;-o-background-size:cover;background-size:cover;padding: 0px 0px 0px 0px;\"><span class=\" fusion-imageframe imageframe-none imageframe-7 hover-type-none\"><img decoding=\"async\" src=\"https:\/\/www.qrpinternational.com\/wp-content\/uploads\/2025\/05\/Justyna-Ptasznik.png\" alt class=\"img-responsive\"\/><\/span><div class=\"fusion-text fusion-text-9\"><h3>Justyna Ptasznik<\/h3>\n<h4>Quality Advocacy Specialist<\/h4>\n<p><strong>Comes from:\u00a0<\/strong>Warsaw, Poland<br \/>\n<strong>Get to know Justyna:\u00a0<\/strong>Laundry is my zen. Folding, standing, hanging\u2014I find peace in the process.<\/p>\n<ul>\n<li><a class=\"profilo-social fa fa-linkedin\" href=\"https:\/\/it.linkedin.com\/in\/justyna-ptasznik-b7728348\/en\" target=\"_blank\" rel=\"noopener noreferrer\">.<\/a><\/li>\n<\/ul>\n<\/div><div class=\"fusion-clearfix\"><\/div><\/div><\/div><\/div><\/div><div class=\"fusion-fullwidth fullwidth-box fusion-builder-row-3 relative-2 nonhundred-percent-fullwidth non-hundred-percent-height-scrolling\" style=\"background-color: rgba(255,255,255,0);background-position: left top;background-repeat: no-repeat;padding-top:20px;padding-right:0px;padding-bottom:20px;padding-left:0px;margin-bottom: 0px;margin-top: 0px;border-width: 0px 0px 0px 0px;border-color:#eae9e9;border-style:solid;\" ><div class=\"fusion-builder-row fusion-row\"><div class=\"fusion-layout-column fusion_builder_column fusion-builder-column-8 fusion_builder_column_1_1 1_1 fusion-one-full fusion-column-first fusion-column-last contenitore-mini cont-giallo-links\" style=\"margin-top:0px;margin-bottom:20px;\"><div class=\"fusion-column-wrapper fusion-flex-column-wrapper-legacy\" style=\"background-position:left top;background-repeat:no-repeat;-webkit-background-size:cover;-moz-background-size:cover;-o-background-size:cover;background-size:cover;padding: 0px 0px 0px 0px;\"><div class=\"fusion-text fusion-text-10\"><p><a href=\"https:\/\/www.qrpinternational.lu\/fr\/qui-sommes-nous\/\" target=\"_blank\" rel=\"noopener noreferrer\">Qui sommes nous?<\/a><\/p>\n<p><a href=\"https:\/\/www.qrpinternational.lu\/fr\/reference-client\/\" target=\"_blank\" rel=\"noopener noreferrer\">Nos Clients<\/a><\/p>\n<p><a href=\"https:\/\/www.qrpinternational.lu\/fr\/evenement\/\" target=\"_blank\" rel=\"noopener noreferrer\">Nos \u00e9v\u00e9nements<\/a><\/p>\n<p><a href=\"https:\/\/www.qrpinternational.lu\/fr\/carrieres\/\" target=\"_blank\" rel=\"noopener noreferrer\">Carri\u00e8res<\/a><\/p>\n<\/div><div class=\"fusion-clearfix\"><\/div><\/div><\/div><\/div><\/div><\/p>\n","protected":false},"excerpt":{"rendered":"","protected":false},"author":1,"featured_media":0,"parent":0,"menu_order":291,"comment_status":"closed","ping_status":"closed","template":"","meta":{"_acf_changed":false,"footnotes":""},"class_list":["post-3170","page","type-page","status-publish","hentry"],"acf":[],"yoast_head":"<!-- This site is optimized with the Yoast SEO plugin v25.0 - https:\/\/yoast.com\/wordpress\/plugins\/seo\/ -->\n<title>Notre \u00c9quipe | QRP Luxembourg<\/title>\n<meta name=\"robots\" content=\"index, follow, max-snippet:-1, max-image-preview:large, max-video-preview:-1\" \/>\n<link rel=\"canonical\" href=\"https:\/\/www.qrpinternational.lu\/fr\/equipe\/\" \/>\n<meta property=\"og:locale\" content=\"fr_FR\" \/>\n<meta property=\"og:type\" content=\"article\" \/>\n<meta property=\"og:title\" content=\"Notre \u00c9quipe | QRP Luxembourg\" \/>\n<meta property=\"og:url\" content=\"https:\/\/www.qrpinternational.lu\/fr\/equipe\/\" \/>\n<meta property=\"og:site_name\" content=\"QRP International Luxembourg\" \/>\n<meta property=\"article:modified_time\" content=\"2026-02-09T09:20:30+00:00\" \/>\n<meta name=\"twitter:card\" content=\"summary_large_image\" \/>\n<meta name=\"twitter:label1\" content=\"Dur\u00e9e de lecture estim\u00e9e\" \/>\n\t<meta name=\"twitter:data1\" content=\"12 minutes\" \/>\n<script type=\"application\/ld+json\" class=\"yoast-schema-graph\">{\"@context\":\"https:\/\/schema.org\",\"@graph\":[{\"@type\":\"WebPage\",\"@id\":\"https:\/\/www.qrpinternational.lu\/fr\/equipe\/\",\"url\":\"https:\/\/www.qrpinternational.lu\/fr\/equipe\/\",\"name\":\"Notre \u00c9quipe | QRP Luxembourg\",\"isPartOf\":{\"@id\":\"https:\/\/www.qrpinternational.lu\/fr\/#website\"},\"datePublished\":\"2016-12-20T09:00:44+00:00\",\"dateModified\":\"2026-02-09T09:20:30+00:00\",\"breadcrumb\":{\"@id\":\"https:\/\/www.qrpinternational.lu\/fr\/equipe\/#breadcrumb\"},\"inLanguage\":\"fr-FR\",\"potentialAction\":[{\"@type\":\"ReadAction\",\"target\":[\"https:\/\/www.qrpinternational.lu\/fr\/equipe\/\"]}]},{\"@type\":\"BreadcrumbList\",\"@id\":\"https:\/\/www.qrpinternational.lu\/fr\/equipe\/#breadcrumb\",\"itemListElement\":[{\"@type\":\"ListItem\",\"position\":1,\"name\":\"Home\",\"item\":\"https:\/\/www.qrpinternational.lu\/fr\/\"},{\"@type\":\"ListItem\",\"position\":2,\"name\":\"Notre \u00c9quipe\"}]},{\"@type\":\"WebSite\",\"@id\":\"https:\/\/www.qrpinternational.lu\/fr\/#website\",\"url\":\"https:\/\/www.qrpinternational.lu\/fr\/\",\"name\":\"QRP International Luxembourg\",\"description\":\"Developing Professionals\",\"potentialAction\":[{\"@type\":\"SearchAction\",\"target\":{\"@type\":\"EntryPoint\",\"urlTemplate\":\"https:\/\/www.qrpinternational.lu\/fr\/?s={search_term_string}\"},\"query-input\":{\"@type\":\"PropertyValueSpecification\",\"valueRequired\":true,\"valueName\":\"search_term_string\"}}],\"inLanguage\":\"fr-FR\"}]}<\/script>\n<!-- \/ Yoast SEO plugin. -->","yoast_head_json":{"title":"Notre \u00c9quipe | QRP Luxembourg","robots":{"index":"index","follow":"follow","max-snippet":"max-snippet:-1","max-image-preview":"max-image-preview:large","max-video-preview":"max-video-preview:-1"},"canonical":"https:\/\/www.qrpinternational.lu\/fr\/equipe\/","og_locale":"fr_FR","og_type":"article","og_title":"Notre \u00c9quipe | QRP Luxembourg","og_url":"https:\/\/www.qrpinternational.lu\/fr\/equipe\/","og_site_name":"QRP International Luxembourg","article_modified_time":"2026-02-09T09:20:30+00:00","twitter_card":"summary_large_image","twitter_misc":{"Dur\u00e9e de lecture estim\u00e9e":"12 minutes"},"schema":{"@context":"https:\/\/schema.org","@graph":[{"@type":"WebPage","@id":"https:\/\/www.qrpinternational.lu\/fr\/equipe\/","url":"https:\/\/www.qrpinternational.lu\/fr\/equipe\/","name":"Notre \u00c9quipe | QRP Luxembourg","isPartOf":{"@id":"https:\/\/www.qrpinternational.lu\/fr\/#website"},"datePublished":"2016-12-20T09:00:44+00:00","dateModified":"2026-02-09T09:20:30+00:00","breadcrumb":{"@id":"https:\/\/www.qrpinternational.lu\/fr\/equipe\/#breadcrumb"},"inLanguage":"fr-FR","potentialAction":[{"@type":"ReadAction","target":["https:\/\/www.qrpinternational.lu\/fr\/equipe\/"]}]},{"@type":"BreadcrumbList","@id":"https:\/\/www.qrpinternational.lu\/fr\/equipe\/#breadcrumb","itemListElement":[{"@type":"ListItem","position":1,"name":"Home","item":"https:\/\/www.qrpinternational.lu\/fr\/"},{"@type":"ListItem","position":2,"name":"Notre \u00c9quipe"}]},{"@type":"WebSite","@id":"https:\/\/www.qrpinternational.lu\/fr\/#website","url":"https:\/\/www.qrpinternational.lu\/fr\/","name":"QRP International Luxembourg","description":"Developing Professionals","potentialAction":[{"@type":"SearchAction","target":{"@type":"EntryPoint","urlTemplate":"https:\/\/www.qrpinternational.lu\/fr\/?s={search_term_string}"},"query-input":{"@type":"PropertyValueSpecification","valueRequired":true,"valueName":"search_term_string"}}],"inLanguage":"fr-FR"}]}},"_links":{"self":[{"href":"https:\/\/www.qrpinternational.lu\/fr\/wp-json\/wp\/v2\/pages\/3170","targetHints":{"allow":["GET"]}}],"collection":[{"href":"https:\/\/www.qrpinternational.lu\/fr\/wp-json\/wp\/v2\/pages"}],"about":[{"href":"https:\/\/www.qrpinternational.lu\/fr\/wp-json\/wp\/v2\/types\/page"}],"author":[{"embeddable":true,"href":"https:\/\/www.qrpinternational.lu\/fr\/wp-json\/wp\/v2\/users\/1"}],"replies":[{"embeddable":true,"href":"https:\/\/www.qrpinternational.lu\/fr\/wp-json\/wp\/v2\/comments?post=3170"}],"version-history":[{"count":10,"href":"https:\/\/www.qrpinternational.lu\/fr\/wp-json\/wp\/v2\/pages\/3170\/revisions"}],"predecessor-version":[{"id":23217,"href":"https:\/\/www.qrpinternational.lu\/fr\/wp-json\/wp\/v2\/pages\/3170\/revisions\/23217"}],"wp:attachment":[{"href":"https:\/\/www.qrpinternational.lu\/fr\/wp-json\/wp\/v2\/media?parent=3170"}],"curies":[{"name":"wp","href":"https:\/\/api.w.org\/{rel}","templated":true}]}}