{"id":3164,"date":"2016-12-20T15:21:19","date_gmt":"2016-12-20T14:21:19","guid":{"rendered":"http:\/\/lux.www.qrpinternational.com\/?page_id=3164\/"},"modified":"2023-01-18T10:40:17","modified_gmt":"2023-01-18T09:40:17","slug":"evenement","status":"publish","type":"page","link":"https:\/\/www.qrpinternational.lu\/fr\/evenement\/","title":{"rendered":"\u00c9v\u00e9nements"},"content":{"rendered":"<p><div class=\"fusion-fullwidth fullwidth-box fusion-builder-row-1 cont-news-events nonhundred-percent-fullwidth non-hundred-percent-height-scrolling\" style=\"background-color: rgba(255,255,255,0);background-position: left top;background-repeat: no-repeat;padding-top:20px;padding-right:0px;padding-bottom:20px;padding-left:0px;margin-bottom: 0px;margin-top: 0px;border-width: 0px 0px 0px 0px;border-color:#eae9e9;border-style:solid;\" ><div class=\"fusion-builder-row fusion-row\"><div class=\"fusion-layout-column fusion_builder_column fusion-builder-column-0 fusion_builder_column_1_1 1_1 fusion-one-full fusion-column-first fusion-column-last contenitore-mini\" style=\"margin-top:0px;margin-bottom:20px;\"><div class=\"fusion-column-wrapper fusion-flex-column-wrapper-legacy\" style=\"background-position:left top;background-repeat:no-repeat;-webkit-background-size:cover;-moz-background-size:cover;-o-background-size:cover;background-size:cover;padding: 0px 0px 0px 0px;\"><div class=\"fusion-widget-area fusion-widget-area-1 fusion-content-widget-area\"><style type=\"text\/css\">.fusion-widget-area-1 {padding:0px 0px 0px 0px;}.fusion-widget-area-1 .widget h4 {color:#333333;}.fusion-widget-area-1 .widget .heading h4 {color:#333333;}.fusion-widget-area-1 .widget h4 {font-size:13px;}.fusion-widget-area-1 .widget .heading h4 {font-size:13px;}<\/style><div id=\"text-27\" class=\"widget widget_text\"><h2 class=\"widgettitle\">Actualit\u00e9<\/h2>\n\t\t\t<div class=\"textwidget\"><div  class=\"rpwe-block\"><ul class=\"rpwe-ul\"><li class=\"rpwe-li rpwe-clearfix\"><h3 class=\"rpwe-title\"><a href=\"https:\/\/www.qrpinternational.lu\/fr\/qrp-news\/nouveautes-pour-prince2-7\/\" target=\"_self\">PRINCE2\u00ae 7 est disponible en fran\u00e7ais !<\/a><\/h3><\/li><li class=\"rpwe-li rpwe-clearfix\"><h3 class=\"rpwe-title\"><a href=\"https:\/\/www.qrpinternational.lu\/fr\/qrp-news\/vacances-gestion-de-projets\/\" target=\"_self\">Vacances &#038; Gestion de Projets<\/a><\/h3><\/li><\/ul><\/div><!-- Generated by http:\/\/wordpress.org\/plugins\/recent-posts-widget-extended\/ --><\/div>\n\t\t<\/div><div class=\"fusion-additional-widget-content\"><\/div><\/div><a class=\"bottone\" href=\"\/fr\/actualite\/\">Lisez nos derni\u00e8res actualit\u00e9s<\/a><div class=\"fusion-clearfix\"><\/div><\/div><\/div><\/div><\/div><div class=\"fusion-fullwidth fullwidth-box fusion-builder-row-2 cont-border-2 nonhundred-percent-fullwidth non-hundred-percent-height-scrolling\" style=\"background-color: rgba(255,255,255,0);background-position: left top;background-repeat: no-repeat;padding-top:20px;padding-right:0px;padding-bottom:20px;padding-left:0px;margin-bottom: 0px;margin-top: 0px;border-width: 0px 0px 0px 0px;border-color:#eae9e9;border-style:solid;\" ><div class=\"fusion-builder-row fusion-row\"><div class=\"fusion-layout-column fusion_builder_column fusion-builder-column-1 fusion_builder_column_1_1 1_1 fusion-one-full fusion-column-first fusion-column-last box-newsletter\" style=\"margin-top:0px;margin-bottom:20px;\"><div class=\"fusion-column-wrapper fusion-flex-column-wrapper-legacy\" style=\"background-position:left top;background-repeat:no-repeat;-webkit-background-size:cover;-moz-background-size:cover;-o-background-size:cover;background-size:cover;padding: 0px 0px 0px 0px;\"><div class=\"fusion-text fusion-text-1\"><h1>Nous avons aid\u00e9 des milliers de professionnels \u00e0 monter en comp\u00e9tence. Nous pouvons Vous aider \u00e9galement.<\/h1>\n<p>Inscrivez-vous \u00e0 notre newsletter et recevez 2 fois par mois articles, \u00e9tudes de cas, invitations \u00e0 nos conf\u00e9rences et webinars et nos offres sp\u00e9ciales. Pas de spam. Juste des conseils utiles et professionnels.<\/p>\n<\/div><div class=\"fusion-text fusion-text-2\"><p>[contact-form-7 id=\u00a0\u00bb4139&Prime; title=\u00a0\u00bbform newsletter_fr\u00a0\u00bb]<\/p>\n<\/div><div class=\"fusion-clearfix\"><\/div><\/div><\/div><\/div><\/div><div class=\"fusion-fullwidth fullwidth-box fusion-builder-row-3 cont-border-3 nonhundred-percent-fullwidth non-hundred-percent-height-scrolling\" style=\"background-color: rgba(255,255,255,0);background-position: left top;background-repeat: no-repeat;padding-top:20px;padding-right:0px;padding-bottom:20px;padding-left:0px;margin-bottom: 0px;margin-top: 0px;border-width: 0px 0px 0px 0px;border-color:#eae9e9;border-style:solid;\" ><div class=\"fusion-builder-row fusion-row\"><div class=\"fusion-layout-column fusion_builder_column fusion-builder-column-2 fusion_builder_column_1_1 1_1 fusion-one-full fusion-column-first fusion-column-last cont-home-social\" style=\"margin-top:0px;margin-bottom:20px;\"><div class=\"fusion-column-wrapper fusion-flex-column-wrapper-legacy\" style=\"background-position:left top;background-repeat:no-repeat;-webkit-background-size:cover;-moz-background-size:cover;-o-background-size:cover;background-size:cover;padding: 0px 0px 0px 0px;\"><p><a class=\"twitter\" href=\"https:\/\/twitter.com\/qrp_int\"><\/a><\/p>\r\n<p><a class=\"linkedin\" href=\"https:\/\/www.linkedin.com\/company\/qrp-international\"><\/a><\/p>\r\n<p><strong>Restez connect\u00e9 \u00e0 la communaut\u00e9<\/strong><br\/>\r\nSuivez-nous sur <a href=\"https:\/\/www.linkedin.com\/company\/qrp-international\">Linkedin<\/a> e <a href=\"https:\/\/twitter.com\/qrp_int\">Twitter<\/a><\/p><div class=\"fusion-clearfix\"><\/div><\/div><\/div><\/div><\/div><div class=\"fusion-fullwidth fullwidth-box fusion-builder-row-4 cont-news-events nonhundred-percent-fullwidth non-hundred-percent-height-scrolling\" style=\"background-color: rgba(255,255,255,0);background-position: left top;background-repeat: no-repeat;padding-top:20px;padding-right:0px;padding-bottom:20px;padding-left:0px;margin-bottom: 0px;margin-top: 0px;border-width: 0px 0px 0px 0px;border-color:#eae9e9;border-style:solid;\" ><div class=\"fusion-builder-row fusion-row\"><div class=\"fusion-layout-column fusion_builder_column fusion-builder-column-3 fusion_builder_column_1_2 1_2 fusion-one-half fusion-column-first\" style=\"width:48%; margin-right: 4%;margin-top:0px;margin-bottom:20px;\"><div class=\"fusion-column-wrapper fusion-flex-column-wrapper-legacy\" style=\"background-position:left top;background-repeat:no-repeat;-webkit-background-size:cover;-moz-background-size:cover;-o-background-size:cover;background-size:cover;padding: 0px 0px 0px 0px;\"><div class=\"fusion-widget-area fusion-widget-area-2 fusion-content-widget-area\"><style type=\"text\/css\">.fusion-widget-area-2 {padding:0px 0px 0px 0px;}.fusion-widget-area-2 .widget h4 {color:#333333;}.fusion-widget-area-2 .widget .heading h4 {color:#333333;}.fusion-widget-area-2 .widget h4 {font-size:13px;}.fusion-widget-area-2 .widget .heading h4 {font-size:13px;}<\/style><div id=\"text-23\" class=\"widget widget_text\"><h2 class=\"widgettitle\">Actualit\u00e9<\/h2>\n\t\t\t<div class=\"textwidget\"><div  class=\"rpwe-block\"><ul class=\"rpwe-ul\"><li class=\"rpwe-li rpwe-clearfix\"><h3 class=\"rpwe-title\"><a href=\"https:\/\/www.qrpinternational.lu\/fr\/qrp-news\/nouveautes-pour-prince2-7\/\" target=\"_self\">PRINCE2\u00ae 7 est disponible en fran\u00e7ais !<\/a><\/h3><\/li><li class=\"rpwe-li rpwe-clearfix\"><h3 class=\"rpwe-title\"><a href=\"https:\/\/www.qrpinternational.lu\/fr\/qrp-news\/vacances-gestion-de-projets\/\" target=\"_self\">Vacances &#038; Gestion de Projets<\/a><\/h3><\/li><\/ul><\/div><!-- Generated by http:\/\/wordpress.org\/plugins\/recent-posts-widget-extended\/ --><\/div>\n\t\t<\/div><div class=\"fusion-additional-widget-content\"><\/div><\/div><a class=\"bottone\" href=\"\/fr\/actualite\/\">Lire les derni\u00e8res news<\/a><div class=\"fusion-clearfix\"><\/div><\/div><\/div><div class=\"fusion-layout-column fusion_builder_column fusion-builder-column-4 fusion_builder_column_1_2 1_2 fusion-one-half fusion-column-last\" style=\"width:48%;margin-top:0px;margin-bottom:20px;\"><div class=\"fusion-column-wrapper fusion-flex-column-wrapper-legacy\" style=\"background-position:left top;background-repeat:no-repeat;-webkit-background-size:cover;-moz-background-size:cover;-o-background-size:cover;background-size:cover;padding: 0px 0px 0px 0px;\"><div class=\"fusion-widget-area fusion-widget-area-3 fusion-content-widget-area\"><style type=\"text\/css\">.fusion-widget-area-3 {padding:0px 0px 0px 0px;}.fusion-widget-area-3 .widget h4 {color:#333333;}.fusion-widget-area-3 .widget .heading h4 {color:#333333;}.fusion-widget-area-3 .widget h4 {font-size:13px;}.fusion-widget-area-3 .widget .heading h4 {font-size:13px;}<\/style><div id=\"text-25\" class=\"widget widget_text\"><h2 class=\"widgettitle\">Ev\u00e9nements<\/h2>\n\t\t\t<div class=\"textwidget\"><div  class=\"rpwe-block\"><ul class=\"rpwe-ul\"><li class=\"rpwe-li rpwe-clearfix\"><h3 class=\"rpwe-title\"><a href=\"https:\/\/www.qrpinternational.lu\/fr\/qrp-events\/nouveau-pmbok-8-enjeux-nouveautes-et-impact-sur-votre-certification\/\" target=\"_self\">Nouveau PMBOK\u00ae 8 : Enjeux, nouveaut\u00e9s et impact sur votre certification<\/a><\/h3><\/li><li class=\"rpwe-li rpwe-clearfix\"><h3 class=\"rpwe-title\"><a href=\"https:\/\/www.qrpinternational.lu\/fr\/qrp-events\/gestion-de-projet-pm2-webinaire\/\" target=\"_self\">Gestion de projet PM\u00b2 Webinaire<\/a><\/h3><\/li><\/ul><\/div><!-- Generated by http:\/\/wordpress.org\/plugins\/recent-posts-widget-extended\/ --><\/div>\n\t\t<\/div><div class=\"fusion-additional-widget-content\"><\/div><\/div><a class=\"bottone\" href=\"\/fr\/evenement\/\">Voir les prochains \u00e9v\u00e8nements<\/a><div class=\"fusion-clearfix\"><\/div><\/div><\/div><\/div><\/div><\/p>\n","protected":false},"excerpt":{"rendered":"","protected":false},"author":1,"featured_media":0,"parent":0,"menu_order":280,"comment_status":"closed","ping_status":"closed","template":"events_template.php","meta":{"_acf_changed":false,"footnotes":""},"class_list":["post-3164","page","type-page","status-publish","hentry"],"acf":[],"yoast_head":"<!-- This site is optimized with the Yoast SEO plugin v25.0 - https:\/\/yoast.com\/wordpress\/plugins\/seo\/ -->\n<title>\u00c9v\u00e9nements - QRP International Luxembourg<\/title>\n<meta name=\"robots\" content=\"index, follow, max-snippet:-1, max-image-preview:large, max-video-preview:-1\" \/>\n<link rel=\"canonical\" href=\"https:\/\/www.qrpinternational.lu\/fr\/evenement\/\" \/>\n<meta property=\"og:locale\" content=\"fr_FR\" \/>\n<meta property=\"og:type\" content=\"article\" \/>\n<meta property=\"og:title\" content=\"\u00c9v\u00e9nements - QRP International Luxembourg\" \/>\n<meta property=\"og:url\" content=\"https:\/\/www.qrpinternational.lu\/fr\/evenement\/\" \/>\n<meta property=\"og:site_name\" content=\"QRP International Luxembourg\" \/>\n<meta property=\"article:modified_time\" content=\"2023-01-18T09:40:17+00:00\" \/>\n<meta name=\"twitter:card\" content=\"summary_large_image\" \/>\n<meta name=\"twitter:label1\" content=\"Dur\u00e9e de lecture estim\u00e9e\" \/>\n\t<meta name=\"twitter:data1\" content=\"2 minutes\" \/>\n<script type=\"application\/ld+json\" class=\"yoast-schema-graph\">{\"@context\":\"https:\/\/schema.org\",\"@graph\":[{\"@type\":\"WebPage\",\"@id\":\"https:\/\/www.qrpinternational.lu\/fr\/evenement\/\",\"url\":\"https:\/\/www.qrpinternational.lu\/fr\/evenement\/\",\"name\":\"\u00c9v\u00e9nements - QRP International Luxembourg\",\"isPartOf\":{\"@id\":\"https:\/\/www.qrpinternational.lu\/fr\/#website\"},\"datePublished\":\"2016-12-20T14:21:19+00:00\",\"dateModified\":\"2023-01-18T09:40:17+00:00\",\"breadcrumb\":{\"@id\":\"https:\/\/www.qrpinternational.lu\/fr\/evenement\/#breadcrumb\"},\"inLanguage\":\"fr-FR\",\"potentialAction\":[{\"@type\":\"ReadAction\",\"target\":[\"https:\/\/www.qrpinternational.lu\/fr\/evenement\/\"]}]},{\"@type\":\"BreadcrumbList\",\"@id\":\"https:\/\/www.qrpinternational.lu\/fr\/evenement\/#breadcrumb\",\"itemListElement\":[{\"@type\":\"ListItem\",\"position\":1,\"name\":\"Home\",\"item\":\"https:\/\/www.qrpinternational.lu\/fr\/\"},{\"@type\":\"ListItem\",\"position\":2,\"name\":\"\u00c9v\u00e9nements\"}]},{\"@type\":\"WebSite\",\"@id\":\"https:\/\/www.qrpinternational.lu\/fr\/#website\",\"url\":\"https:\/\/www.qrpinternational.lu\/fr\/\",\"name\":\"QRP International Luxembourg\",\"description\":\"Developing Professionals\",\"potentialAction\":[{\"@type\":\"SearchAction\",\"target\":{\"@type\":\"EntryPoint\",\"urlTemplate\":\"https:\/\/www.qrpinternational.lu\/fr\/?s={search_term_string}\"},\"query-input\":{\"@type\":\"PropertyValueSpecification\",\"valueRequired\":true,\"valueName\":\"search_term_string\"}}],\"inLanguage\":\"fr-FR\"}]}<\/script>\n<!-- \/ Yoast SEO plugin. -->","yoast_head_json":{"title":"\u00c9v\u00e9nements - QRP International Luxembourg","robots":{"index":"index","follow":"follow","max-snippet":"max-snippet:-1","max-image-preview":"max-image-preview:large","max-video-preview":"max-video-preview:-1"},"canonical":"https:\/\/www.qrpinternational.lu\/fr\/evenement\/","og_locale":"fr_FR","og_type":"article","og_title":"\u00c9v\u00e9nements - QRP International Luxembourg","og_url":"https:\/\/www.qrpinternational.lu\/fr\/evenement\/","og_site_name":"QRP International Luxembourg","article_modified_time":"2023-01-18T09:40:17+00:00","twitter_card":"summary_large_image","twitter_misc":{"Dur\u00e9e de lecture estim\u00e9e":"2 minutes"},"schema":{"@context":"https:\/\/schema.org","@graph":[{"@type":"WebPage","@id":"https:\/\/www.qrpinternational.lu\/fr\/evenement\/","url":"https:\/\/www.qrpinternational.lu\/fr\/evenement\/","name":"\u00c9v\u00e9nements - QRP International Luxembourg","isPartOf":{"@id":"https:\/\/www.qrpinternational.lu\/fr\/#website"},"datePublished":"2016-12-20T14:21:19+00:00","dateModified":"2023-01-18T09:40:17+00:00","breadcrumb":{"@id":"https:\/\/www.qrpinternational.lu\/fr\/evenement\/#breadcrumb"},"inLanguage":"fr-FR","potentialAction":[{"@type":"ReadAction","target":["https:\/\/www.qrpinternational.lu\/fr\/evenement\/"]}]},{"@type":"BreadcrumbList","@id":"https:\/\/www.qrpinternational.lu\/fr\/evenement\/#breadcrumb","itemListElement":[{"@type":"ListItem","position":1,"name":"Home","item":"https:\/\/www.qrpinternational.lu\/fr\/"},{"@type":"ListItem","position":2,"name":"\u00c9v\u00e9nements"}]},{"@type":"WebSite","@id":"https:\/\/www.qrpinternational.lu\/fr\/#website","url":"https:\/\/www.qrpinternational.lu\/fr\/","name":"QRP International Luxembourg","description":"Developing Professionals","potentialAction":[{"@type":"SearchAction","target":{"@type":"EntryPoint","urlTemplate":"https:\/\/www.qrpinternational.lu\/fr\/?s={search_term_string}"},"query-input":{"@type":"PropertyValueSpecification","valueRequired":true,"valueName":"search_term_string"}}],"inLanguage":"fr-FR"}]}},"_links":{"self":[{"href":"https:\/\/www.qrpinternational.lu\/fr\/wp-json\/wp\/v2\/pages\/3164","targetHints":{"allow":["GET"]}}],"collection":[{"href":"https:\/\/www.qrpinternational.lu\/fr\/wp-json\/wp\/v2\/pages"}],"about":[{"href":"https:\/\/www.qrpinternational.lu\/fr\/wp-json\/wp\/v2\/types\/page"}],"author":[{"embeddable":true,"href":"https:\/\/www.qrpinternational.lu\/fr\/wp-json\/wp\/v2\/users\/1"}],"replies":[{"embeddable":true,"href":"https:\/\/www.qrpinternational.lu\/fr\/wp-json\/wp\/v2\/comments?post=3164"}],"version-history":[{"count":8,"href":"https:\/\/www.qrpinternational.lu\/fr\/wp-json\/wp\/v2\/pages\/3164\/revisions"}],"predecessor-version":[{"id":15537,"href":"https:\/\/www.qrpinternational.lu\/fr\/wp-json\/wp\/v2\/pages\/3164\/revisions\/15537"}],"wp:attachment":[{"href":"https:\/\/www.qrpinternational.lu\/fr\/wp-json\/wp\/v2\/media?parent=3164"}],"curies":[{"name":"wp","href":"https:\/\/api.w.org\/{rel}","templated":true}]}}