{"id":3144,"date":"2016-12-20T14:48:00","date_gmt":"2016-12-20T13:48:00","guid":{"rendered":"http:\/\/lux.www.qrpinternational.com\/?page_id=3144\/"},"modified":"2025-01-27T09:34:20","modified_gmt":"2025-01-27T08:34:20","slug":"certification-prince2","status":"publish","type":"page","link":"https:\/\/www.qrpinternational.lu\/fr\/formations\/certification-prince2\/","title":{"rendered":"PRINCE2"},"content":{"rendered":"","protected":false},"excerpt":{"rendered":"","protected":false},"author":1,"featured_media":0,"parent":3143,"menu_order":171,"comment_status":"closed","ping_status":"closed","template":"method_template.php","meta":{"_acf_changed":false,"footnotes":""},"class_list":["post-3144","page","type-page","status-publish","hentry"],"acf":[],"yoast_head":"<!-- This site is optimized with the Yoast SEO plugin v25.0 - https:\/\/yoast.com\/wordpress\/plugins\/seo\/ -->\n<title>M\u00e9thode PRINCE2: Formation et Certification | QRP Luxembourg<\/title>\n<meta name=\"description\" content=\"Obtenez votre Certification PRINCE2 gr\u00e2ce \u00e0 nos Formations en Gestion de Projet PRINCE 2 en Pr\u00e9sentiel, Classe Virtuelle ou E-learning.\" \/>\n<meta name=\"robots\" content=\"index, follow, max-snippet:-1, max-image-preview:large, max-video-preview:-1\" \/>\n<link rel=\"canonical\" href=\"https:\/\/www.qrpinternational.lu\/fr\/formations\/certification-prince2\/\" \/>\n<meta property=\"og:locale\" content=\"fr_FR\" \/>\n<meta property=\"og:type\" content=\"article\" \/>\n<meta property=\"og:title\" content=\"M\u00e9thode PRINCE2: Formation et Certification | QRP Luxembourg\" \/>\n<meta property=\"og:description\" content=\"Obtenez votre Certification PRINCE2 gr\u00e2ce \u00e0 nos Formations en Gestion de Projet PRINCE 2 en Pr\u00e9sentiel, Classe Virtuelle ou E-learning.\" \/>\n<meta property=\"og:url\" content=\"https:\/\/www.qrpinternational.lu\/fr\/formations\/certification-prince2\/\" \/>\n<meta property=\"og:site_name\" content=\"QRP International Luxembourg\" \/>\n<meta property=\"article:modified_time\" content=\"2025-01-27T08:34:20+00:00\" \/>\n<meta name=\"twitter:card\" content=\"summary_large_image\" \/>\n<script type=\"application\/ld+json\" class=\"yoast-schema-graph\">{\"@context\":\"https:\/\/schema.org\",\"@graph\":[{\"@type\":\"WebPage\",\"@id\":\"https:\/\/www.qrpinternational.lu\/fr\/formations\/certification-prince2\/\",\"url\":\"https:\/\/www.qrpinternational.lu\/fr\/formations\/certification-prince2\/\",\"name\":\"M\u00e9thode PRINCE2: Formation et Certification | QRP Luxembourg\",\"isPartOf\":{\"@id\":\"https:\/\/www.qrpinternational.lu\/fr\/#website\"},\"datePublished\":\"2016-12-20T13:48:00+00:00\",\"dateModified\":\"2025-01-27T08:34:20+00:00\",\"description\":\"Obtenez votre Certification PRINCE2 gr\u00e2ce \u00e0 nos Formations en Gestion de Projet PRINCE 2 en Pr\u00e9sentiel, Classe Virtuelle ou E-learning.\",\"breadcrumb\":{\"@id\":\"https:\/\/www.qrpinternational.lu\/fr\/formations\/certification-prince2\/#breadcrumb\"},\"inLanguage\":\"fr-FR\",\"potentialAction\":[{\"@type\":\"ReadAction\",\"target\":[\"https:\/\/www.qrpinternational.lu\/fr\/formations\/certification-prince2\/\"]}]},{\"@type\":\"BreadcrumbList\",\"@id\":\"https:\/\/www.qrpinternational.lu\/fr\/formations\/certification-prince2\/#breadcrumb\",\"itemListElement\":[{\"@type\":\"ListItem\",\"position\":1,\"name\":\"Home\",\"item\":\"https:\/\/www.qrpinternational.lu\/fr\/\"},{\"@type\":\"ListItem\",\"position\":2,\"name\":\"Nos Formations\",\"item\":\"https:\/\/www.qrpinternational.lu\/fr\/formations\/\"},{\"@type\":\"ListItem\",\"position\":3,\"name\":\"PRINCE2\"}]},{\"@type\":\"WebSite\",\"@id\":\"https:\/\/www.qrpinternational.lu\/fr\/#website\",\"url\":\"https:\/\/www.qrpinternational.lu\/fr\/\",\"name\":\"QRP International Luxembourg\",\"description\":\"Developing Professionals\",\"potentialAction\":[{\"@type\":\"SearchAction\",\"target\":{\"@type\":\"EntryPoint\",\"urlTemplate\":\"https:\/\/www.qrpinternational.lu\/fr\/?s={search_term_string}\"},\"query-input\":{\"@type\":\"PropertyValueSpecification\",\"valueRequired\":true,\"valueName\":\"search_term_string\"}}],\"inLanguage\":\"fr-FR\"}]}<\/script>\n<!-- \/ Yoast SEO plugin. -->","yoast_head_json":{"title":"M\u00e9thode PRINCE2: Formation et Certification | QRP Luxembourg","description":"Obtenez votre Certification PRINCE2 gr\u00e2ce \u00e0 nos Formations en Gestion de Projet PRINCE 2 en Pr\u00e9sentiel, Classe Virtuelle ou E-learning.","robots":{"index":"index","follow":"follow","max-snippet":"max-snippet:-1","max-image-preview":"max-image-preview:large","max-video-preview":"max-video-preview:-1"},"canonical":"https:\/\/www.qrpinternational.lu\/fr\/formations\/certification-prince2\/","og_locale":"fr_FR","og_type":"article","og_title":"M\u00e9thode PRINCE2: Formation et Certification | QRP Luxembourg","og_description":"Obtenez votre Certification PRINCE2 gr\u00e2ce \u00e0 nos Formations en Gestion de Projet PRINCE 2 en Pr\u00e9sentiel, Classe Virtuelle ou E-learning.","og_url":"https:\/\/www.qrpinternational.lu\/fr\/formations\/certification-prince2\/","og_site_name":"QRP International Luxembourg","article_modified_time":"2025-01-27T08:34:20+00:00","twitter_card":"summary_large_image","schema":{"@context":"https:\/\/schema.org","@graph":[{"@type":"WebPage","@id":"https:\/\/www.qrpinternational.lu\/fr\/formations\/certification-prince2\/","url":"https:\/\/www.qrpinternational.lu\/fr\/formations\/certification-prince2\/","name":"M\u00e9thode PRINCE2: Formation et Certification | QRP Luxembourg","isPartOf":{"@id":"https:\/\/www.qrpinternational.lu\/fr\/#website"},"datePublished":"2016-12-20T13:48:00+00:00","dateModified":"2025-01-27T08:34:20+00:00","description":"Obtenez votre Certification PRINCE2 gr\u00e2ce \u00e0 nos Formations en Gestion de Projet PRINCE 2 en Pr\u00e9sentiel, Classe Virtuelle ou E-learning.","breadcrumb":{"@id":"https:\/\/www.qrpinternational.lu\/fr\/formations\/certification-prince2\/#breadcrumb"},"inLanguage":"fr-FR","potentialAction":[{"@type":"ReadAction","target":["https:\/\/www.qrpinternational.lu\/fr\/formations\/certification-prince2\/"]}]},{"@type":"BreadcrumbList","@id":"https:\/\/www.qrpinternational.lu\/fr\/formations\/certification-prince2\/#breadcrumb","itemListElement":[{"@type":"ListItem","position":1,"name":"Home","item":"https:\/\/www.qrpinternational.lu\/fr\/"},{"@type":"ListItem","position":2,"name":"Nos Formations","item":"https:\/\/www.qrpinternational.lu\/fr\/formations\/"},{"@type":"ListItem","position":3,"name":"PRINCE2"}]},{"@type":"WebSite","@id":"https:\/\/www.qrpinternational.lu\/fr\/#website","url":"https:\/\/www.qrpinternational.lu\/fr\/","name":"QRP International Luxembourg","description":"Developing Professionals","potentialAction":[{"@type":"SearchAction","target":{"@type":"EntryPoint","urlTemplate":"https:\/\/www.qrpinternational.lu\/fr\/?s={search_term_string}"},"query-input":{"@type":"PropertyValueSpecification","valueRequired":true,"valueName":"search_term_string"}}],"inLanguage":"fr-FR"}]}},"_links":{"self":[{"href":"https:\/\/www.qrpinternational.lu\/fr\/wp-json\/wp\/v2\/pages\/3144","targetHints":{"allow":["GET"]}}],"collection":[{"href":"https:\/\/www.qrpinternational.lu\/fr\/wp-json\/wp\/v2\/pages"}],"about":[{"href":"https:\/\/www.qrpinternational.lu\/fr\/wp-json\/wp\/v2\/types\/page"}],"author":[{"embeddable":true,"href":"https:\/\/www.qrpinternational.lu\/fr\/wp-json\/wp\/v2\/users\/1"}],"replies":[{"embeddable":true,"href":"https:\/\/www.qrpinternational.lu\/fr\/wp-json\/wp\/v2\/comments?post=3144"}],"version-history":[{"count":10,"href":"https:\/\/www.qrpinternational.lu\/fr\/wp-json\/wp\/v2\/pages\/3144\/revisions"}],"predecessor-version":[{"id":20887,"href":"https:\/\/www.qrpinternational.lu\/fr\/wp-json\/wp\/v2\/pages\/3144\/revisions\/20887"}],"up":[{"embeddable":true,"href":"https:\/\/www.qrpinternational.lu\/fr\/wp-json\/wp\/v2\/pages\/3143"}],"wp:attachment":[{"href":"https:\/\/www.qrpinternational.lu\/fr\/wp-json\/wp\/v2\/media?parent=3144"}],"curies":[{"name":"wp","href":"https:\/\/api.w.org\/{rel}","templated":true}]}}