{"id":21802,"date":"2025-05-09T10:00:11","date_gmt":"2025-05-09T08:00:11","guid":{"rendered":"https:\/\/www.qrpinternational.lu\/?page_id=21802"},"modified":"2025-09-05T13:17:15","modified_gmt":"2025-09-05T11:17:15","slug":"change-agent","status":"publish","type":"page","link":"https:\/\/www.qrpinternational.lu\/fr\/change-agent\/","title":{"rendered":"Change Agent"},"content":{"rendered":"","protected":false},"excerpt":{"rendered":"","protected":false},"author":1,"featured_media":0,"parent":0,"menu_order":25,"comment_status":"closed","ping_status":"closed","template":"roles-template.php","meta":{"_acf_changed":false,"footnotes":""},"class_list":["post-21802","page","type-page","status-publish","hentry"],"acf":[],"yoast_head":"<!-- This site is optimized with the Yoast SEO plugin v25.0 - https:\/\/yoast.com\/wordpress\/plugins\/seo\/ -->\n<title>Change Agent\u202f: certifications incontournables | QRP Luxembourg<\/title>\n<meta name=\"description\" content=\"D\u00e9cryptez la mission du Change Agent\u00a0: faciliter le changement gr\u00e2ce \u00e0 ses comp\u00e9tences et aux certifications qui valident son expertise.\" \/>\n<meta name=\"robots\" content=\"index, follow, max-snippet:-1, max-image-preview:large, max-video-preview:-1\" \/>\n<link rel=\"canonical\" href=\"https:\/\/www.qrpinternational.lu\/fr\/change-agent\/\" \/>\n<meta property=\"og:locale\" content=\"fr_FR\" \/>\n<meta property=\"og:type\" content=\"article\" \/>\n<meta property=\"og:title\" content=\"Change Agent\u202f: certifications incontournables | QRP Luxembourg\" \/>\n<meta property=\"og:description\" content=\"D\u00e9cryptez la mission du Change Agent\u00a0: faciliter le changement gr\u00e2ce \u00e0 ses comp\u00e9tences et aux certifications qui valident son expertise.\" \/>\n<meta property=\"og:url\" content=\"https:\/\/www.qrpinternational.lu\/fr\/change-agent\/\" \/>\n<meta property=\"og:site_name\" content=\"QRP International Luxembourg\" \/>\n<meta property=\"article:modified_time\" content=\"2025-09-05T11:17:15+00:00\" \/>\n<meta name=\"twitter:card\" content=\"summary_large_image\" \/>\n<script type=\"application\/ld+json\" class=\"yoast-schema-graph\">{\"@context\":\"https:\/\/schema.org\",\"@graph\":[{\"@type\":\"WebPage\",\"@id\":\"https:\/\/www.qrpinternational.lu\/fr\/change-agent\/\",\"url\":\"https:\/\/www.qrpinternational.lu\/fr\/change-agent\/\",\"name\":\"Change Agent\u202f: certifications incontournables | QRP Luxembourg\",\"isPartOf\":{\"@id\":\"https:\/\/www.qrpinternational.lu\/fr\/#website\"},\"datePublished\":\"2025-05-09T08:00:11+00:00\",\"dateModified\":\"2025-09-05T11:17:15+00:00\",\"description\":\"D\u00e9cryptez la mission du Change Agent\u00a0: faciliter le changement gr\u00e2ce \u00e0 ses comp\u00e9tences et aux certifications qui valident son expertise.\",\"breadcrumb\":{\"@id\":\"https:\/\/www.qrpinternational.lu\/fr\/change-agent\/#breadcrumb\"},\"inLanguage\":\"fr-FR\",\"potentialAction\":[{\"@type\":\"ReadAction\",\"target\":[\"https:\/\/www.qrpinternational.lu\/fr\/change-agent\/\"]}]},{\"@type\":\"BreadcrumbList\",\"@id\":\"https:\/\/www.qrpinternational.lu\/fr\/change-agent\/#breadcrumb\",\"itemListElement\":[{\"@type\":\"ListItem\",\"position\":1,\"name\":\"Home\",\"item\":\"https:\/\/www.qrpinternational.lu\/fr\/\"},{\"@type\":\"ListItem\",\"position\":2,\"name\":\"Change Agent\"}]},{\"@type\":\"WebSite\",\"@id\":\"https:\/\/www.qrpinternational.lu\/fr\/#website\",\"url\":\"https:\/\/www.qrpinternational.lu\/fr\/\",\"name\":\"QRP International Luxembourg\",\"description\":\"Developing Professionals\",\"potentialAction\":[{\"@type\":\"SearchAction\",\"target\":{\"@type\":\"EntryPoint\",\"urlTemplate\":\"https:\/\/www.qrpinternational.lu\/fr\/?s={search_term_string}\"},\"query-input\":{\"@type\":\"PropertyValueSpecification\",\"valueRequired\":true,\"valueName\":\"search_term_string\"}}],\"inLanguage\":\"fr-FR\"}]}<\/script>\n<!-- \/ Yoast SEO plugin. -->","yoast_head_json":{"title":"Change Agent\u202f: certifications incontournables | QRP Luxembourg","description":"D\u00e9cryptez la mission du Change Agent\u00a0: faciliter le changement gr\u00e2ce \u00e0 ses comp\u00e9tences et aux certifications qui valident son expertise.","robots":{"index":"index","follow":"follow","max-snippet":"max-snippet:-1","max-image-preview":"max-image-preview:large","max-video-preview":"max-video-preview:-1"},"canonical":"https:\/\/www.qrpinternational.lu\/fr\/change-agent\/","og_locale":"fr_FR","og_type":"article","og_title":"Change Agent\u202f: certifications incontournables | QRP Luxembourg","og_description":"D\u00e9cryptez la mission du Change Agent\u00a0: faciliter le changement gr\u00e2ce \u00e0 ses comp\u00e9tences et aux certifications qui valident son expertise.","og_url":"https:\/\/www.qrpinternational.lu\/fr\/change-agent\/","og_site_name":"QRP International Luxembourg","article_modified_time":"2025-09-05T11:17:15+00:00","twitter_card":"summary_large_image","schema":{"@context":"https:\/\/schema.org","@graph":[{"@type":"WebPage","@id":"https:\/\/www.qrpinternational.lu\/fr\/change-agent\/","url":"https:\/\/www.qrpinternational.lu\/fr\/change-agent\/","name":"Change Agent\u202f: certifications incontournables | QRP Luxembourg","isPartOf":{"@id":"https:\/\/www.qrpinternational.lu\/fr\/#website"},"datePublished":"2025-05-09T08:00:11+00:00","dateModified":"2025-09-05T11:17:15+00:00","description":"D\u00e9cryptez la mission du Change Agent\u00a0: faciliter le changement gr\u00e2ce \u00e0 ses comp\u00e9tences et aux certifications qui valident son expertise.","breadcrumb":{"@id":"https:\/\/www.qrpinternational.lu\/fr\/change-agent\/#breadcrumb"},"inLanguage":"fr-FR","potentialAction":[{"@type":"ReadAction","target":["https:\/\/www.qrpinternational.lu\/fr\/change-agent\/"]}]},{"@type":"BreadcrumbList","@id":"https:\/\/www.qrpinternational.lu\/fr\/change-agent\/#breadcrumb","itemListElement":[{"@type":"ListItem","position":1,"name":"Home","item":"https:\/\/www.qrpinternational.lu\/fr\/"},{"@type":"ListItem","position":2,"name":"Change Agent"}]},{"@type":"WebSite","@id":"https:\/\/www.qrpinternational.lu\/fr\/#website","url":"https:\/\/www.qrpinternational.lu\/fr\/","name":"QRP International Luxembourg","description":"Developing Professionals","potentialAction":[{"@type":"SearchAction","target":{"@type":"EntryPoint","urlTemplate":"https:\/\/www.qrpinternational.lu\/fr\/?s={search_term_string}"},"query-input":{"@type":"PropertyValueSpecification","valueRequired":true,"valueName":"search_term_string"}}],"inLanguage":"fr-FR"}]}},"_links":{"self":[{"href":"https:\/\/www.qrpinternational.lu\/fr\/wp-json\/wp\/v2\/pages\/21802","targetHints":{"allow":["GET"]}}],"collection":[{"href":"https:\/\/www.qrpinternational.lu\/fr\/wp-json\/wp\/v2\/pages"}],"about":[{"href":"https:\/\/www.qrpinternational.lu\/fr\/wp-json\/wp\/v2\/types\/page"}],"author":[{"embeddable":true,"href":"https:\/\/www.qrpinternational.lu\/fr\/wp-json\/wp\/v2\/users\/1"}],"replies":[{"embeddable":true,"href":"https:\/\/www.qrpinternational.lu\/fr\/wp-json\/wp\/v2\/comments?post=21802"}],"version-history":[{"count":2,"href":"https:\/\/www.qrpinternational.lu\/fr\/wp-json\/wp\/v2\/pages\/21802\/revisions"}],"predecessor-version":[{"id":22524,"href":"https:\/\/www.qrpinternational.lu\/fr\/wp-json\/wp\/v2\/pages\/21802\/revisions\/22524"}],"wp:attachment":[{"href":"https:\/\/www.qrpinternational.lu\/fr\/wp-json\/wp\/v2\/media?parent=21802"}],"curies":[{"name":"wp","href":"https:\/\/api.w.org\/{rel}","templated":true}]}}