{"id":20925,"date":"2025-01-27T10:00:03","date_gmt":"2025-01-27T09:00:03","guid":{"rendered":"https:\/\/www.qrpinternational.lu\/?page_id=20925"},"modified":"2025-09-05T13:16:20","modified_gmt":"2025-09-05T11:16:20","slug":"chef-de-projet","status":"publish","type":"page","link":"https:\/\/www.qrpinternational.lu\/fr\/chef-de-projet\/","title":{"rendered":"Chef de projet"},"content":{"rendered":"","protected":false},"excerpt":{"rendered":"","protected":false},"author":1,"featured_media":0,"parent":0,"menu_order":31,"comment_status":"closed","ping_status":"closed","template":"roles-template.php","meta":{"_acf_changed":false,"footnotes":""},"class_list":["post-20925","page","type-page","status-publish","hentry"],"acf":[],"yoast_head":"<!-- This site is optimized with the Yoast SEO plugin v25.0 - https:\/\/yoast.com\/wordpress\/plugins\/seo\/ -->\n<title>Chef de projet r\u00f4le et certifications | QRP Luxembourg<\/title>\n<meta name=\"description\" content=\"Chef de projet : d\u00e9couvrez les r\u00f4les, responsabilit\u00e9s et certifications essentielles pour r\u00e9ussir dans la gestion de projet avec QRP.\" \/>\n<meta name=\"robots\" content=\"index, follow, max-snippet:-1, max-image-preview:large, max-video-preview:-1\" \/>\n<link rel=\"canonical\" href=\"https:\/\/www.qrpinternational.lu\/fr\/chef-de-projet\/\" \/>\n<meta property=\"og:locale\" content=\"fr_FR\" \/>\n<meta property=\"og:type\" content=\"article\" \/>\n<meta property=\"og:title\" content=\"Chef de projet r\u00f4le et certifications | QRP Luxembourg\" \/>\n<meta property=\"og:description\" content=\"Chef de projet : d\u00e9couvrez les r\u00f4les, responsabilit\u00e9s et certifications essentielles pour r\u00e9ussir dans la gestion de projet avec QRP.\" \/>\n<meta property=\"og:url\" content=\"https:\/\/www.qrpinternational.lu\/fr\/chef-de-projet\/\" \/>\n<meta property=\"og:site_name\" content=\"QRP International Luxembourg\" \/>\n<meta property=\"article:modified_time\" content=\"2025-09-05T11:16:20+00:00\" \/>\n<meta name=\"twitter:card\" content=\"summary_large_image\" \/>\n<script type=\"application\/ld+json\" class=\"yoast-schema-graph\">{\"@context\":\"https:\/\/schema.org\",\"@graph\":[{\"@type\":\"WebPage\",\"@id\":\"https:\/\/www.qrpinternational.lu\/fr\/chef-de-projet\/\",\"url\":\"https:\/\/www.qrpinternational.lu\/fr\/chef-de-projet\/\",\"name\":\"Chef de projet r\u00f4le et certifications | QRP Luxembourg\",\"isPartOf\":{\"@id\":\"https:\/\/www.qrpinternational.lu\/fr\/#website\"},\"datePublished\":\"2025-01-27T09:00:03+00:00\",\"dateModified\":\"2025-09-05T11:16:20+00:00\",\"description\":\"Chef de projet : d\u00e9couvrez les r\u00f4les, responsabilit\u00e9s et certifications essentielles pour r\u00e9ussir dans la gestion de projet avec QRP.\",\"breadcrumb\":{\"@id\":\"https:\/\/www.qrpinternational.lu\/fr\/chef-de-projet\/#breadcrumb\"},\"inLanguage\":\"fr-FR\",\"potentialAction\":[{\"@type\":\"ReadAction\",\"target\":[\"https:\/\/www.qrpinternational.lu\/fr\/chef-de-projet\/\"]}]},{\"@type\":\"BreadcrumbList\",\"@id\":\"https:\/\/www.qrpinternational.lu\/fr\/chef-de-projet\/#breadcrumb\",\"itemListElement\":[{\"@type\":\"ListItem\",\"position\":1,\"name\":\"Home\",\"item\":\"https:\/\/www.qrpinternational.lu\/fr\/\"},{\"@type\":\"ListItem\",\"position\":2,\"name\":\"Chef de projet\"}]},{\"@type\":\"WebSite\",\"@id\":\"https:\/\/www.qrpinternational.lu\/fr\/#website\",\"url\":\"https:\/\/www.qrpinternational.lu\/fr\/\",\"name\":\"QRP International Luxembourg\",\"description\":\"Developing Professionals\",\"potentialAction\":[{\"@type\":\"SearchAction\",\"target\":{\"@type\":\"EntryPoint\",\"urlTemplate\":\"https:\/\/www.qrpinternational.lu\/fr\/?s={search_term_string}\"},\"query-input\":{\"@type\":\"PropertyValueSpecification\",\"valueRequired\":true,\"valueName\":\"search_term_string\"}}],\"inLanguage\":\"fr-FR\"}]}<\/script>\n<!-- \/ Yoast SEO plugin. -->","yoast_head_json":{"title":"Chef de projet r\u00f4le et certifications | QRP Luxembourg","description":"Chef de projet : d\u00e9couvrez les r\u00f4les, responsabilit\u00e9s et certifications essentielles pour r\u00e9ussir dans la gestion de projet avec QRP.","robots":{"index":"index","follow":"follow","max-snippet":"max-snippet:-1","max-image-preview":"max-image-preview:large","max-video-preview":"max-video-preview:-1"},"canonical":"https:\/\/www.qrpinternational.lu\/fr\/chef-de-projet\/","og_locale":"fr_FR","og_type":"article","og_title":"Chef de projet r\u00f4le et certifications | QRP Luxembourg","og_description":"Chef de projet : d\u00e9couvrez les r\u00f4les, responsabilit\u00e9s et certifications essentielles pour r\u00e9ussir dans la gestion de projet avec QRP.","og_url":"https:\/\/www.qrpinternational.lu\/fr\/chef-de-projet\/","og_site_name":"QRP International Luxembourg","article_modified_time":"2025-09-05T11:16:20+00:00","twitter_card":"summary_large_image","schema":{"@context":"https:\/\/schema.org","@graph":[{"@type":"WebPage","@id":"https:\/\/www.qrpinternational.lu\/fr\/chef-de-projet\/","url":"https:\/\/www.qrpinternational.lu\/fr\/chef-de-projet\/","name":"Chef de projet r\u00f4le et certifications | QRP Luxembourg","isPartOf":{"@id":"https:\/\/www.qrpinternational.lu\/fr\/#website"},"datePublished":"2025-01-27T09:00:03+00:00","dateModified":"2025-09-05T11:16:20+00:00","description":"Chef de projet : d\u00e9couvrez les r\u00f4les, responsabilit\u00e9s et certifications essentielles pour r\u00e9ussir dans la gestion de projet avec QRP.","breadcrumb":{"@id":"https:\/\/www.qrpinternational.lu\/fr\/chef-de-projet\/#breadcrumb"},"inLanguage":"fr-FR","potentialAction":[{"@type":"ReadAction","target":["https:\/\/www.qrpinternational.lu\/fr\/chef-de-projet\/"]}]},{"@type":"BreadcrumbList","@id":"https:\/\/www.qrpinternational.lu\/fr\/chef-de-projet\/#breadcrumb","itemListElement":[{"@type":"ListItem","position":1,"name":"Home","item":"https:\/\/www.qrpinternational.lu\/fr\/"},{"@type":"ListItem","position":2,"name":"Chef de projet"}]},{"@type":"WebSite","@id":"https:\/\/www.qrpinternational.lu\/fr\/#website","url":"https:\/\/www.qrpinternational.lu\/fr\/","name":"QRP International Luxembourg","description":"Developing Professionals","potentialAction":[{"@type":"SearchAction","target":{"@type":"EntryPoint","urlTemplate":"https:\/\/www.qrpinternational.lu\/fr\/?s={search_term_string}"},"query-input":{"@type":"PropertyValueSpecification","valueRequired":true,"valueName":"search_term_string"}}],"inLanguage":"fr-FR"}]}},"_links":{"self":[{"href":"https:\/\/www.qrpinternational.lu\/fr\/wp-json\/wp\/v2\/pages\/20925","targetHints":{"allow":["GET"]}}],"collection":[{"href":"https:\/\/www.qrpinternational.lu\/fr\/wp-json\/wp\/v2\/pages"}],"about":[{"href":"https:\/\/www.qrpinternational.lu\/fr\/wp-json\/wp\/v2\/types\/page"}],"author":[{"embeddable":true,"href":"https:\/\/www.qrpinternational.lu\/fr\/wp-json\/wp\/v2\/users\/1"}],"replies":[{"embeddable":true,"href":"https:\/\/www.qrpinternational.lu\/fr\/wp-json\/wp\/v2\/comments?post=20925"}],"version-history":[{"count":5,"href":"https:\/\/www.qrpinternational.lu\/fr\/wp-json\/wp\/v2\/pages\/20925\/revisions"}],"predecessor-version":[{"id":22522,"href":"https:\/\/www.qrpinternational.lu\/fr\/wp-json\/wp\/v2\/pages\/20925\/revisions\/22522"}],"wp:attachment":[{"href":"https:\/\/www.qrpinternational.lu\/fr\/wp-json\/wp\/v2\/media?parent=20925"}],"curies":[{"name":"wp","href":"https:\/\/api.w.org\/{rel}","templated":true}]}}